{"id":15,"date":"2025-01-05T14:27:57","date_gmt":"2025-01-05T14:27:57","guid":{"rendered":"https:\/\/gamdomgiristr.com\/?page_id=15"},"modified":"2026-02-08T16:39:08","modified_gmt":"2026-02-08T13:39:08","slug":"elementor-219","status":"publish","type":"page","link":"https:\/\/gamdomgiristr.com\/tr\/","title":{"rendered":"Gamdom G\u00fcncel Yeni Giri\u015f Adresi !"},"content":{"rendered":"\n<p>Gamdom giri\u015f avrupa\u2019da uzun y\u0131llar hizmet verdikten sonra \u00fclkemizde de 2023 y\u0131l\u0131ndan beri, bahis severlere kaliteli ve profesyonel hizmet sunan, gamdom OGL\/2024\/424\/1065 lisans numaras\u0131yla ald\u0131\u011f\u0131 Curacao lisans\u0131na sahiptir.<\/p><div id=\"ez-toc-container\" class=\"ez-toc-v2_0_82_2 counter-hierarchy ez-toc-counter ez-toc-transparent ez-toc-container-direction\">\n<div class=\"ez-toc-title-container\">\n<p class=\"ez-toc-title\" style=\"cursor:inherit\">Sayfa \u0130\u00e7eri\u011fi - \u0130\u00e7indekiler<\/p>\n<span class=\"ez-toc-title-toggle\"><a href=\"#\" class=\"ez-toc-pull-right ez-toc-btn ez-toc-btn-xs ez-toc-btn-default ez-toc-toggle\" aria-label=\"\u0130\u00e7indekiler Tablosunu A\u00e7\/Kapat\"><span class=\"ez-toc-js-icon-con\"><span class=\"\"><span class=\"eztoc-hide\" style=\"display:none;\">Toggle<\/span><span class=\"ez-toc-icon-toggle-span\"><svg style=\"fill: #0f0100;color:#0f0100\" xmlns=\"http:\/\/www.w3.org\/2000\/svg\" class=\"list-377408\" width=\"20px\" height=\"20px\" viewBox=\"0 0 24 24\" fill=\"none\"><path d=\"M6 6H4v2h2V6zm14 0H8v2h12V6zM4 11h2v2H4v-2zm16 0H8v2h12v-2zM4 16h2v2H4v-2zm16 0H8v2h12v-2z\" fill=\"currentColor\"><\/path><\/svg><svg style=\"fill: #0f0100;color:#0f0100\" class=\"arrow-unsorted-368013\" xmlns=\"http:\/\/www.w3.org\/2000\/svg\" width=\"10px\" height=\"10px\" viewBox=\"0 0 24 24\" version=\"1.2\" baseProfile=\"tiny\"><path d=\"M18.2 9.3l-6.2-6.3-6.2 6.3c-.2.2-.3.4-.3.7s.1.5.3.7c.2.2.4.3.7.3h11c.3 0 .5-.1.7-.3.2-.2.3-.5.3-.7s-.1-.5-.3-.7zM5.8 14.7l6.2 6.3 6.2-6.3c.2-.2.3-.5.3-.7s-.1-.5-.3-.7c-.2-.2-.4-.3-.7-.3h-11c-.3 0-.5.1-.7.3-.2.2-.3.5-.3.7s.1.5.3.7z\"\/><\/svg><\/span><\/span><\/span><\/a><\/span><\/div>\n<nav><ul class='ez-toc-list ez-toc-list-level-1 ' ><li class='ez-toc-page-1 ez-toc-heading-level-2'><a class=\"ez-toc-link ez-toc-heading-1\" href=\"https:\/\/gamdomgiristr.com\/tr\/#Gamdom_Giris\" >Gamdom Giri\u015f<\/a><\/li><li class='ez-toc-page-1 ez-toc-heading-level-2'><a class=\"ez-toc-link ez-toc-heading-2\" href=\"https:\/\/gamdomgiristr.com\/tr\/#Gamdom_Uye_Ol_Kayit_Olma_Rehberi\" >Gamdom \u00dcye Ol Kay\u0131t Olma Rehberi<\/a><\/li><li class='ez-toc-page-1 ez-toc-heading-level-2'><a class=\"ez-toc-link ez-toc-heading-3\" href=\"https:\/\/gamdomgiristr.com\/tr\/#Gamdom_Canli_Casino_Oyunlari\" >Gamdom Canl\u0131 Casino Oyunlar\u0131<\/a><\/li><li class='ez-toc-page-1 ez-toc-heading-level-2'><a class=\"ez-toc-link ez-toc-heading-4\" href=\"https:\/\/gamdomgiristr.com\/tr\/#Gamdom_Para_Yatirma_ve_Cekme\" >Gamdom Para Yat\u0131rma ve \u00c7ekme<\/a><\/li><li class='ez-toc-page-1 ez-toc-heading-level-2'><a class=\"ez-toc-link ez-toc-heading-5\" href=\"https:\/\/gamdomgiristr.com\/tr\/#Gamdom_Bonus_ve_Promosyon\" >Gamdom Bonus ve Promosyon<\/a><ul class='ez-toc-list-level-3' ><li class='ez-toc-heading-level-3'><a class=\"ez-toc-link ez-toc-heading-6\" href=\"https:\/\/gamdomgiristr.com\/tr\/#Yagmur_Etkinlikleri_ve_Surpriz_Oduller\" >Ya\u011fmur Etkinlikleri ve S\u00fcrpriz \u00d6d\u00fcller<\/a><\/li><li class='ez-toc-page-1 ez-toc-heading-level-3'><a class=\"ez-toc-link ez-toc-heading-7\" href=\"https:\/\/gamdomgiristr.com\/tr\/#Bonuslar_ve_Surpriz_Oduller\" >Bonuslar ve S\u00fcrpriz \u00d6d\u00fcller<\/a><\/li><li class='ez-toc-page-1 ez-toc-heading-level-3'><a class=\"ez-toc-link ez-toc-heading-8\" href=\"https:\/\/gamdomgiristr.com\/tr\/#Cesitli_Bonus_Secenekleri\" >\u00c7e\u015fitli Bonus Se\u00e7enekleri<\/a><\/li><\/ul><\/li><li class='ez-toc-page-1 ez-toc-heading-level-2'><a class=\"ez-toc-link ez-toc-heading-9\" href=\"https:\/\/gamdomgiristr.com\/tr\/#Gamdom_Musteri_Hizmetleri\" >Gamdom M\u00fc\u015fteri Hizmetleri<\/a><\/li><li class='ez-toc-page-1 ez-toc-heading-level-2'><a class=\"ez-toc-link ez-toc-heading-10\" href=\"https:\/\/gamdomgiristr.com\/tr\/#Sikca_Sorulan_Sorular_SSS\" >S\u0131k\u00e7a Sorulan Sorular ? (S.S.S)<\/a><ul class='ez-toc-list-level-3' ><li class='ez-toc-heading-level-3'><a class=\"ez-toc-link ez-toc-heading-11\" href=\"https:\/\/gamdomgiristr.com\/tr\/#Gamdom_Giris_Baglantisina_Nasil_Ulasabilirim\" >Gamdom Giri\u015f Ba\u011flant\u0131s\u0131na Nas\u0131l Ula\u015fabilirim ?<\/a><\/li><li class='ez-toc-page-1 ez-toc-heading-level-3'><a class=\"ez-toc-link ez-toc-heading-12\" href=\"https:\/\/gamdomgiristr.com\/tr\/#Gamdoma_Giris_Yaparken_Hesap_Guvenligimi_Nasil_Saglarim\" >Gamdom\u2019a Giri\u015f Yaparken Hesap G\u00fcvenli\u011fimi Nas\u0131l Sa\u011flar\u0131m ?<\/a><\/li><li class='ez-toc-page-1 ez-toc-heading-level-3'><a class=\"ez-toc-link ez-toc-heading-13\" href=\"https:\/\/gamdomgiristr.com\/tr\/#Gamdom_Giris_Yaparken_Sifremi_Unuttum_Ne_Yapmaliyim\" >Gamdom Giri\u015f Yaparken \u015eifremi Unuttum, Ne Yapmal\u0131y\u0131m ?<\/a><\/li><li class='ez-toc-page-1 ez-toc-heading-level-3'><a class=\"ez-toc-link ez-toc-heading-14\" href=\"https:\/\/gamdomgiristr.com\/tr\/#Gamdom_Giris_Sonrasinda_Para_Yatirma_Islemleri_Nasil_Yapilir\" >Gamdom Giri\u015f Sonras\u0131nda Para Yat\u0131rma \u0130\u015flemleri Nas\u0131l Yap\u0131l\u0131r?<\/a><\/li><li class='ez-toc-page-1 ez-toc-heading-level-3'><a class=\"ez-toc-link ez-toc-heading-15\" href=\"https:\/\/gamdomgiristr.com\/tr\/#Gamdoma_Mobil_Cihazlardan_Giris_Yapabilir_miyim\" >Gamdom\u2019a Mobil Cihazlardan Giri\u015f Yapabilir miyim?<\/a><\/li><li class='ez-toc-page-1 ez-toc-heading-level-3'><a class=\"ez-toc-link ez-toc-heading-16\" href=\"https:\/\/gamdomgiristr.com\/tr\/#Gamdom_Giris_Linki_Engellendiginde_Ne_Yapmaliyim\" >Gamdom Giri\u015f Linki Engellendi\u011finde Ne Yapmal\u0131y\u0131m?<\/a><\/li><li class='ez-toc-page-1 ez-toc-heading-level-3'><a class=\"ez-toc-link ez-toc-heading-17\" href=\"https:\/\/gamdomgiristr.com\/tr\/#Gamdom_Giris_Icin_VPN_Kullanmak_Gerekli_mi\" >Gamdom Giri\u015f \u0130\u00e7in VPN Kullanmak Gerekli mi ?<\/a><\/li><li class='ez-toc-page-1 ez-toc-heading-level-3'><a class=\"ez-toc-link ez-toc-heading-18\" href=\"https:\/\/gamdomgiristr.com\/tr\/#Gamdoma_Ilk_Kez_Giris_Yapanlar_Icin_Ozel_Bonus_Var_mi\" >Gamdom\u2019a \u0130lk Kez Giri\u015f Yapanlar \u0130\u00e7in \u00d6zel Bonus Var m\u0131 ?<\/a><\/li><li class='ez-toc-page-1 ez-toc-heading-level-3'><a class=\"ez-toc-link ez-toc-heading-19\" href=\"https:\/\/gamdomgiristr.com\/tr\/#Gamdom_Giris_Sonrasinda_Oyunlarda_Nasil_Baslarim\" >Gamdom Giri\u015f Sonras\u0131nda Oyunlarda Nas\u0131l Ba\u015flar\u0131m ?<\/a><\/li><li class='ez-toc-page-1 ez-toc-heading-level-3'><a class=\"ez-toc-link ez-toc-heading-20\" href=\"https:\/\/gamdomgiristr.com\/tr\/#Gamdom_Uyelik_Islemleri_Tamamlanmadan_Giris_Yapilabilir_mi\" >Gamdom \u00dcyelik \u0130\u015flemleri Tamamlanmadan Giri\u015f Yap\u0131labilir mi ?<\/a><\/li><\/ul><\/li><\/ul><\/nav><\/div>\n\n\n\n\n<p>Sadece masa\u00fcst\u00fcnde de\u011fil mobil cihaz ve telefonlardan da responsive uyumlu ana sayfas\u0131yla hizmet sunun firmada; casino ve canl\u0131 casino oyunlar\u0131, sanal oyunlar, spor ve canl\u0131 spor kategorileri bulunmaktad\u0131r.<\/p>\n\n\n\n<p>Minimal d\u00fczen i\u00e7inde tasarlanan mobil giri\u015f i\u00e7in \u00fcyelerin, mobil cihaz ya da ak\u0131ll\u0131 telefon taray\u0131c\u0131lar\u0131na, firman\u0131n en g\u00fcncel adresini yazmalar\u0131 yeterlidir. <\/p>\n\n\n\n<p>Masa\u00fcst\u00fc performans\u0131n\u0131, mobil cihaz ve taray\u0131c\u0131larda da sunan firma, en pop\u00fcler casino ve canl\u0131 casino oyunlar\u0131na, spor m\u00fcsabakalar\u0131na bahis yapma olana\u011f\u0131 tan\u0131maktad\u0131r.<\/p>\n\n\n<div class=\"wp-block-image\">\n<figure class=\"aligncenter size-full\"><img loading=\"lazy\" decoding=\"async\" width=\"1000\" height=\"375\" src=\"https:\/\/gamdomgiristr.com\/wp-content\/uploads\/2025\/03\/gamdom-giris-gamdomgiristr-com.webp\" alt=\"gamdom giri\u015f\" class=\"wp-image-383\" title=\"\" srcset=\"https:\/\/gamdomgiristr.com\/wp-content\/uploads\/2025\/03\/gamdom-giris-gamdomgiristr-com.webp 1000w, https:\/\/gamdomgiristr.com\/wp-content\/uploads\/2025\/03\/gamdom-giris-gamdomgiristr-com-300x113.webp 300w, https:\/\/gamdomgiristr.com\/wp-content\/uploads\/2025\/03\/gamdom-giris-gamdomgiristr-com-768x288.webp 768w\" sizes=\"auto, (max-width: 1000px) 100vw, 1000px\" \/><\/figure>\n<\/div>\n\n\n<h2 class=\"wp-block-heading\"><span class=\"ez-toc-section\" id=\"Gamdom_Giris\"><\/span>Gamdom Giri\u015f<span class=\"ez-toc-section-end\"><\/span><\/h2>\n\n\n\n<p>Gamdom giri\u015f masa\u00fcst\u00fc ve mobil giri\u015flerde de g\u00fcncel linkini yazarak oyunlara kat\u0131lmak m\u00fcmk\u00fcnd\u00fcr. Giri\u015f i\u015flemlerinde \u00e7o\u011fu zaman sorun ya\u015fayan kullan\u0131c\u0131lar olabilmektedir.<\/p>\n\n\n\n<p>Bunun sebebi; firman\u0131n lisansl\u0131 olmas\u0131na ra\u011fmen BTK engeline tak\u0131lmas\u0131 ve di\u011fer sebebi ise, kullan\u0131c\u0131lar\u0131n \u015fifre unutmas\u0131d\u0131r. Firma, engellemelere kar\u015f\u0131, adres g\u00fcncellemesine giderek, sorunu k\u0131sa s\u00fcrelerde \u00e7\u00f6zmektedir. \u015eifresini unutan kullan\u0131c\u0131lar ise, ana sayfa \u00fczerinde bulunan \u201coturum a\u00e7\u201d butonundan \u015fifremi unuttum b\u00f6l\u00fcm\u00fcn\u00fc se\u00e7melidir.<\/p>\n\n\n\n<p>\u015eifremi unuttum b\u00f6l\u00fcm\u00fcnden, \u015fifre s\u0131f\u0131rlamas\u0131 yaparak yeni \u015fifre alan kullan\u0131c\u0131lar, eski kullan\u0131c\u0131 ad\u0131 ve yeni \u015fifreyle, kald\u0131klar\u0131 yerden devam etmektedir.<\/p>\n\n\n\n<h2 class=\"wp-block-heading\"><span class=\"ez-toc-section\" id=\"Gamdom_Uye_Ol_Kayit_Olma_Rehberi\"><\/span>Gamdom \u00dcye Ol Kay\u0131t Olma Rehberi<span class=\"ez-toc-section-end\"><\/span><\/h2>\n\n\n\n<p><a style=\"text-align: var(--text-align); background-color: var( --e-global-color-6288096 ); letter-spacing: 0.4px;\" href=\"https:\/\/gamdomgiristr.com\/\" target=\"_blank\" rel=\"noopener\">Gamdom giri\u015f<\/a>&nbsp;kullan\u0131c\u0131 ad\u0131 ve \u015fifrenin belirlendi\u011fi, ki\u015fisel birka\u00e7 bilginin bulundu\u011fu kay\u0131t formu ile, \u00fcyeliklerini tamamlayan kullan\u0131c\u0131lar, istedikleri oyun kategorisinde, \u015fanslar\u0131n\u0131 denemektedir.<\/p>\n\n\n\n<p>Kay\u0131t i\u015flemleri \u00e7ok k\u0131sa s\u00fcrmekte ve \u00fccretsiz yap\u0131lmaktad\u0131r. \u0130sim ve soyisim, cinsiyet, do\u011fum tarihi, e-posta adresi, \u00fclke, \u015fehir, adres, posta kodu ve telefon numaras\u0131ndan olu\u015fan kay\u0131t formunda en son olarak; kullan\u0131c\u0131 ad\u0131, \u015fifre, T.C. kimlik numaras\u0131 ve bonus kodu b\u00f6l\u00fcmlerinin do\u011fru ve eksiksiz doldurulmas\u0131 gereklidir.<\/p>\n\n\n\n<h2 class=\"wp-block-heading\"><span class=\"ez-toc-section\" id=\"Gamdom_Canli_Casino_Oyunlari\"><\/span>Gamdom Canl\u0131 Casino Oyunlar\u0131<span class=\"ez-toc-section-end\"><\/span><\/h2>\n\n\n\n<p>Gamdom giri\u015f sundu\u011fu casino ve canl\u0131 casino kategorisiyle, \u00fcyelerini memnun etmektedir. Kullan\u0131c\u0131 ad\u0131 ve \u015fifre kullanarak, oyunlara direkt kat\u0131lan kullan\u0131c\u0131lar, kazanacaklar\u0131 yat\u0131r\u0131m bonuslar\u0131, ilk \u00fcyelik bonuslar\u0131 ve freespin ile, ekstra kazan\u00e7 sa\u011flamaktad\u0131r.<\/p>\n\n\n<div class=\"wp-block-image\">\n<figure class=\"aligncenter size-full\"><img loading=\"lazy\" decoding=\"async\" width=\"970\" height=\"400\" src=\"https:\/\/gamdomgiristr.com\/wp-content\/uploads\/2025\/03\/gamdom-giris-gamdomgiristrcom-slots.webp\" alt=\"gamdom giri\u015f\" class=\"wp-image-384\" title=\"\" srcset=\"https:\/\/gamdomgiristr.com\/wp-content\/uploads\/2025\/03\/gamdom-giris-gamdomgiristrcom-slots.webp 970w, https:\/\/gamdomgiristr.com\/wp-content\/uploads\/2025\/03\/gamdom-giris-gamdomgiristrcom-slots-300x124.webp 300w, https:\/\/gamdomgiristr.com\/wp-content\/uploads\/2025\/03\/gamdom-giris-gamdomgiristrcom-slots-768x317.webp 768w\" sizes=\"auto, (max-width: 970px) 100vw, 970px\" \/><\/figure>\n<\/div>\n\n\n<p>En \u00fcnl\u00fc oyun sa\u011flay\u0131c\u0131 markalar\u0131n altyap\u0131s\u0131yla oyunlara kat\u0131lan bahis\u00e7iler; \u00fc\u00e7 farkl\u0131 slot turnuvas\u0131yla da \u00f6d\u00fcl havuzundaki paralar\u0131 kazanma yoluna gitmektedir. \u00dcstelik casino ve canl\u0131 casino b\u00f6l\u00fcm\u00fcnde, kay\u0131plar\u0131na kar\u015f\u0131 alacaklar\u0131 %12\u2019lik g\u00fcnl\u00fck kay\u0131p bonusuyla da kaybetme riski en aza indirilmektedir.<\/p>\n\n\n\n<p>Firman\u0131n canl\u0131 casino oyunlar\u0131na kullan\u0131c\u0131 ad\u0131 ve \u015fifreyle giri\u015f yaparken, canl\u0131 casino oyunlar\u0131, canl\u0131 krupiyeler e\u015fli\u011finde sunulmaktad\u0131r. T\u00fcrk\u00e7e rulet, poker, blackjack, bakara, dream catcher, holdem, \u00e7ark\u0131felek ve daha bir\u00e7ok casino oyunuyla kazan\u00e7 sa\u011flanabilmektedir.<\/p>\n\n\n\n<h2 class=\"wp-block-heading\"><span class=\"ez-toc-section\" id=\"Gamdom_Para_Yatirma_ve_Cekme\"><\/span>Gamdom Para Yat\u0131rma ve \u00c7ekme<span class=\"ez-toc-section-end\"><\/span><\/h2>\n\n\n\n<p>Gamdom giri\u015f para yat\u0131rma ve \u00e7ekme i\u015flemleri, g\u00fcvenli ortamlarda ger\u00e7ekle\u015ftirilmektedir. K\u0131sa s\u00fcreler i\u00e7inde ger\u00e7ekle\u015ftirilen para yat\u0131rma ve \u00e7ekme i\u015flemleri i\u00e7in, canl\u0131 destek hatt\u0131ndan talepte bulunulmas\u0131 gerekir.<\/p>\n\n\n\n<p><strong>Para yat\u0131rma y\u00f6ntemleri:<\/strong><\/p>\n\n\n\n<ul class=\"wp-block-list\">\n<li>Visa<\/li>\n\n\n\n<li>Mastercard<\/li>\n\n\n\n<li>Paypal<\/li>\n\n\n\n<li>Bitcoin<\/li>\n\n\n\n<li>Tether<\/li>\n\n\n\n<li>Trustly<\/li>\n\n\n\n<li>Perfect Money<\/li>\n\n\n\n<li>Neosurf<\/li>\n\n\n\n<li>Skinpay<\/li>\n\n\n\n<li>GooglePay<\/li>\n\n\n\n<li>Diper Kripto Paralar<\/li>\n<\/ul>\n\n\n<\/p>\n<p>\n\n\n<p>Sunulan para y\u00f6ntemlerini kullanarak yat\u0131r\u0131m yapan kullan\u0131c\u0131lar, yat\u0131r\u0131m y\u00f6ntemlerine ba\u011fl\u0131 olarak %7.5\u2019tan %10, %20, %30 ve %100\u2019e kadar yat\u0131r\u0131m bonusu kazanmaktad\u0131r.<\/p>\n\n\n\n<h2 class=\"wp-block-heading\"><span class=\"ez-toc-section\" id=\"Gamdom_Bonus_ve_Promosyon\"><\/span>Gamdom Bonus ve Promosyon<span class=\"ez-toc-section-end\"><\/span><\/h2>\n\n\n\n<p>Gamdom giri\u015f Kripto Casino, di\u011fer platformlardan farkl\u0131 bir promosyon yap\u0131s\u0131na sahiptir. \u00dcyelerine sunulan anl\u0131k geri \u00f6deme komisyonlar\u0131, herhangi bir \u00e7evrim \u015fart\u0131 olmadan d\u00fczenli olarak verilmektedir. \u00dcyelerin seviye ve sitede ge\u00e7irdi\u011fi s\u00fcreye ba\u011fl\u0131 olarak, %11 ile %60 aras\u0131nda geri \u00f6deme bonuslar\u0131ndan yararlanma imkan\u0131 vard\u0131r.<\/p>\n\n\n\n<h3 class=\"wp-block-heading\"><span class=\"ez-toc-section\" id=\"Yagmur_Etkinlikleri_ve_Surpriz_Oduller\"><\/span>Ya\u011fmur Etkinlikleri ve S\u00fcrpriz \u00d6d\u00fcller<span class=\"ez-toc-section-end\"><\/span><\/h3>\n\n\n\n<p>Gamdom giri\u015f sitede rastgele belirli zaman dilimlerinde ger\u00e7ekle\u015ftirilen ya\u011fmur etkinlikleri, kullan\u0131c\u0131lara nakit \u00f6d\u00fcller, bedava d\u00f6n\u00fc\u015fler ve \u00e7e\u015fitli s\u00fcrpriz hediyeler sunmaktad\u0131r. Bu sayede, t\u00fcm \u00fcyeler farkl\u0131 zamanlarda \u00f6d\u00fcl ya\u011fmurundan yararlanma f\u0131rsat\u0131n\u0131 elde ederler.<\/p>\n\n\n\n<p>VIP oyuncular i\u00e7in \u00f6zel olarak tasarlanm\u0131\u015f ki\u015fiselle\u015ftirilmi\u015f \u00f6d\u00fcller mevcut olup, bunlar iste\u011fe \u00f6zel para yat\u0131rma bonuslar\u0131, nakit \u00f6d\u00fcller ve bedava \u00e7evrim alternatifleri sunmaktad\u0131r.<\/p>\n\n\n\n<h3 class=\"wp-block-heading\"><span class=\"ez-toc-section\" id=\"Bonuslar_ve_Surpriz_Oduller\"><\/span>Bonuslar ve S\u00fcrpriz \u00d6d\u00fcller<span class=\"ez-toc-section-end\"><\/span><\/h3>\n\n\n\n<p>Gamdom giri\u015f d\u00fczenli oyuncular, sitede ge\u00e7irdi\u011fi s\u00fcreye ba\u011fl\u0131 olarak an\u0131nda, haftal\u0131k ve ayl\u0131k komisyon bonuslar\u0131 alabilmektedirler. Bu kapsamda, %35\u2019e kadar \u00e7\u0131kan g\u00fcnl\u00fck s\u00fcrpriz \u00f6d\u00fcller, kar bonuslar\u0131 ve di\u011fer \u00e7e\u015fitli promosyonlar da\u011f\u0131t\u0131lmaktad\u0131r.<\/p>\n\n\n\n<p>Ayr\u0131cal\u0131kl\u0131lar kul\u00fcb\u00fc i\u00e7inde, bonus \u015fart\u0131 aranmadan belirlenen ki\u015fiselle\u015ftirilmi\u015f \u00f6d\u00fcller oyunculara sundu\u011fu ayr\u0131cal\u0131klarla dikkat \u00e7ekmektedir.<\/p>\n\n\n\n<h3 class=\"wp-block-heading\"><span class=\"ez-toc-section\" id=\"Cesitli_Bonus_Secenekleri\"><\/span>\u00c7e\u015fitli Bonus Se\u00e7enekleri<span class=\"ez-toc-section-end\"><\/span><\/h3>\n\n\n\n<p>Para yat\u0131rma bonuslar\u0131, kar bonuslar\u0131 ve kay\u0131p bonuslar\u0131n\u0131n bir\u00e7ok \u00e7e\u015fidi, site kullan\u0131c\u0131lar\u0131na \u00e7evrim \u015fart\u0131 olmadan sunulmaktad\u0131r. Bu \u00f6zellik, Gamdom Casino&#8217;yu di\u011fer sitelerden ay\u0131ran en \u00f6nemli unsurlardan biri olarak \u00f6ne \u00e7\u0131kmaktad\u0131r. T\u00fcm bu nedenlerle, Gamdom Casino, incelememiz sonucunda tam puan almay\u0131 ba\u015faran nadir platformlardan biridir.<\/p>\n\n\n\n<p><strong>Di\u011fer bonuslar aras\u0131nda;<\/strong><\/p>\n\n\n\n<ul class=\"wp-block-list\">\n<li>%60\u2019a Kadar Rakeback!<\/li>\n\n\n\n<li>%15 An\u0131nda Geri \u00d6deme Bonusu<\/li>\n\n\n\n<li>Haftal\u0131k Komisyon Bonuslar\u0131<\/li>\n\n\n\n<li>An\u0131nda Komisyon bonuslar\u0131<\/li>\n\n\n\n<li>G\u00fcnl\u00fck S\u00fcrprizler<\/li>\n\n\n\n<li>Jeton Para Hediyeleri<\/li>\n\n\n\n<li>VIP seviyesi ise Free spinler<\/li>\n\n\n\n<li>Ayl\u0131k Komisyon Bonuslar\u0131<\/li>\n<\/ul>\n\n\n<\/p>\n<p>\n\n\n<h2 class=\"wp-block-heading\"><span class=\"ez-toc-section\" id=\"Gamdom_Musteri_Hizmetleri\"><\/span>Gamdom M\u00fc\u015fteri Hizmetleri<span class=\"ez-toc-section-end\"><\/span><\/h2>\n\n\n\n<p><a href=\"https:\/\/gamdomgiris.com\" target=\"_blank\" rel=\"noopener\">Gamdom<\/a> -m\u00fc\u015fteri hizmetleri, 7\/24 \u00fcyelerine hizmet vermektedir. Ana sayfan\u0131n sol alt k\u00f6\u015fesinde bulunan \u201cm\u00fc\u015fteri hizmetleri\u201d butonundan ileti\u015fim sa\u011flayan kullan\u0131c\u0131lar, ayn\u0131 zamanda whatsapp ve telegram adresinden de ileti\u015fim kurabilmektedir.<\/p>\n\n\n\n<p><strong>Firman\u0131n ileti\u015fim kurulacak telefonlar\u0131 ise:<\/strong><\/p>\n\n\n<\/p>\n<p>\n\n\n<ul class=\"wp-block-list\">\n<li>support@gamdom.com<\/li>\n\n\n\n<li>marketing@gamdom.com<\/li>\n\n\n\n<li>E-posta : support@gamdom.com<\/li>\n<\/ul>\n\n\n<\/p>\n<p>\n\n\n<p>Ayr\u0131ca kullan\u0131c\u0131lar herhangi bir uyu\u015fmazl\u0131k ya da sorun i\u00e7in, numaral\u0131 hatt\u0131 da arayarak, \u00e7\u00f6z\u00fcm arayabilmektedir.<\/p>\n\n\n\n<h2 class=\"wp-block-heading\"><span class=\"ez-toc-section\" id=\"Sikca_Sorulan_Sorular_SSS\"><\/span>S\u0131k\u00e7a Sorulan Sorular ? (S.S.S)<span class=\"ez-toc-section-end\"><\/span><\/h2>\n\n\n<div id=\"rank-math-faq\" class=\"rank-math-block\">\n<ul class=\"rank-math-list \">\n<li id=\"faq-question-1770475232287\" class=\"rank-math-list-item\">\n<h3 class=\"rank-math-question \"><span class=\"ez-toc-section\" id=\"Gamdom_Giris_Baglantisina_Nasil_Ulasabilirim\"><\/span>Gamdom Giri\u015f Ba\u011flant\u0131s\u0131na Nas\u0131l Ula\u015fabilirim ?<span class=\"ez-toc-section-end\"><\/span><\/h3>\n<div class=\"rank-math-answer \">\n\n<p>Gamdom\u2019un g\u00fcncel giri\u015f ba\u011flant\u0131s\u0131na, resmi web sitesi veya g\u00fcvenilir platformlar \u00fczerinden kolayca ula\u015fabilirsiniz. Linkler d\u00fczenli olarak g\u00fcncellenmektedir.<\/p>\n\n<\/div>\n<\/li>\n<li id=\"faq-question-1770475243145\" class=\"rank-math-list-item\">\n<h3 class=\"rank-math-question \"><span class=\"ez-toc-section\" id=\"Gamdoma_Giris_Yaparken_Hesap_Guvenligimi_Nasil_Saglarim\"><\/span>Gamdom\u2019a Giri\u015f Yaparken Hesap G\u00fcvenli\u011fimi Nas\u0131l Sa\u011flar\u0131m ?<span class=\"ez-toc-section-end\"><\/span><\/h3>\n<div class=\"rank-math-answer \">\n\n<p>esab\u0131n\u0131z\u0131n g\u00fcvenli\u011fi i\u00e7in g\u00fc\u00e7l\u00fc bir \u015fifre kullan\u0131n ve iki a\u015famal\u0131 do\u011frulamay\u0131 (2FA) aktif hale getirin. Ayr\u0131ca yaln\u0131zca resmi Gamdom giri\u015f linklerini kullan\u0131n.<\/p>\n\n<\/div>\n<\/li>\n<li id=\"faq-question-1770475250911\" class=\"rank-math-list-item\">\n<h3 class=\"rank-math-question \"><span class=\"ez-toc-section\" id=\"Gamdom_Giris_Yaparken_Sifremi_Unuttum_Ne_Yapmaliyim\"><\/span>Gamdom Giri\u015f Yaparken \u015eifremi Unuttum, Ne Yapmal\u0131y\u0131m ?<span class=\"ez-toc-section-end\"><\/span><\/h3>\n<div class=\"rank-math-answer \">\n\n<p>\u015eifrenizi unuttuysan\u0131z, giri\u015f ekran\u0131ndaki \u201c\u015eifremi Unuttum\u201d se\u00e7ene\u011fine t\u0131klayarak e-posta adresinize \u015fifre s\u0131f\u0131rlama ba\u011flant\u0131s\u0131 g\u00f6nderilmesini sa\u011flayabilirsiniz.<\/p>\n\n<\/div>\n<\/li>\n<li id=\"faq-question-1770475258502\" class=\"rank-math-list-item\">\n<h3 class=\"rank-math-question \"><span class=\"ez-toc-section\" id=\"Gamdom_Giris_Sonrasinda_Para_Yatirma_Islemleri_Nasil_Yapilir\"><\/span>Gamdom Giri\u015f Sonras\u0131nda Para Yat\u0131rma \u0130\u015flemleri Nas\u0131l Yap\u0131l\u0131r?<span class=\"ez-toc-section-end\"><\/span><\/h3>\n<div class=\"rank-math-answer \">\n\n<p>Giri\u015f yapt\u0131ktan sonra hesab\u0131n\u0131zdaki \u201cPara Yat\u0131r\u201d b\u00f6l\u00fcm\u00fcnden kredi kart\u0131, kripto para veya di\u011fer \u00f6deme y\u00f6ntemlerini kullanarak kolayca bakiye y\u00fckleyebilirsiniz.<\/p>\n\n<\/div>\n<\/li>\n<li id=\"faq-question-1770475267339\" class=\"rank-math-list-item\">\n<h3 class=\"rank-math-question \"><span class=\"ez-toc-section\" id=\"Gamdoma_Mobil_Cihazlardan_Giris_Yapabilir_miyim\"><\/span>Gamdom\u2019a Mobil Cihazlardan Giri\u015f Yapabilir miyim?<span class=\"ez-toc-section-end\"><\/span><\/h3>\n<div class=\"rank-math-answer \">\n\n<p>Gamdom\u2019un mobil uyumlu web sitesi sayesinde istedi\u011finiz zaman, istedi\u011finiz cihazdan giri\u015f yapabilir ve oyun keyfini s\u00fcrd\u00fcrebilirsiniz.<\/p>\n\n<\/div>\n<\/li>\n<li id=\"faq-question-1770475277190\" class=\"rank-math-list-item\">\n<h3 class=\"rank-math-question \"><span class=\"ez-toc-section\" id=\"Gamdom_Giris_Linki_Engellendiginde_Ne_Yapmaliyim\"><\/span>Gamdom Giri\u015f Linki Engellendi\u011finde Ne Yapmal\u0131y\u0131m?<span class=\"ez-toc-section-end\"><\/span><\/h3>\n<div class=\"rank-math-answer \">\n\n<p>Gamdom giri\u015f linki engellendi\u011finde, yeni giri\u015f adresi \u00fczerinden kolayca eri\u015fim sa\u011flayabilirsiniz. G\u00fcncel ba\u011flant\u0131lar i\u00e7in resmi duyurular\u0131 takip edin.<\/p>\n\n<\/div>\n<\/li>\n<li id=\"faq-question-1770475288662\" class=\"rank-math-list-item\">\n<h3 class=\"rank-math-question \"><span class=\"ez-toc-section\" id=\"Gamdom_Giris_Icin_VPN_Kullanmak_Gerekli_mi\"><\/span>Gamdom Giri\u015f \u0130\u00e7in VPN Kullanmak Gerekli mi ?<span class=\"ez-toc-section-end\"><\/span><\/h3>\n<div class=\"rank-math-answer \">\n\n<p>Hay\u0131r, g\u00fcncel giri\u015f linkleri \u00fczerinden do\u011frudan eri\u015fim sa\u011flayabilirsiniz. Ancak baz\u0131 durumlarda VPN kullanmak ba\u011flant\u0131 sorunlar\u0131n\u0131 \u00e7\u00f6zebilir.<\/p>\n\n<\/div>\n<\/li>\n<li id=\"faq-question-1770475298773\" class=\"rank-math-list-item\">\n<h3 class=\"rank-math-question \"><span class=\"ez-toc-section\" id=\"Gamdoma_Ilk_Kez_Giris_Yapanlar_Icin_Ozel_Bonus_Var_mi\"><\/span>Gamdom\u2019a \u0130lk Kez Giri\u015f Yapanlar \u0130\u00e7in \u00d6zel Bonus Var m\u0131 ?<span class=\"ez-toc-section-end\"><\/span><\/h3>\n<div class=\"rank-math-answer \">\n\n<p>Evet, Gamdom yeni kullan\u0131c\u0131lar i\u00e7in ho\u015fgeldin bonusu sunar. \u00dcyelik i\u015flemleri s\u0131ras\u0131nda bonus talep etmek i\u00e7in belirli kurallara dikkat etmeniz yeterlidir.<\/p>\n\n<\/div>\n<\/li>\n<li id=\"faq-question-1770475311440\" class=\"rank-math-list-item\">\n<h3 class=\"rank-math-question \"><span class=\"ez-toc-section\" id=\"Gamdom_Giris_Sonrasinda_Oyunlarda_Nasil_Baslarim\"><\/span>Gamdom Giri\u015f Sonras\u0131nda Oyunlarda Nas\u0131l Ba\u015flar\u0131m ?<span class=\"ez-toc-section-end\"><\/span><\/h3>\n<div class=\"rank-math-answer \">\n\n<p>Giri\u015f yapt\u0131ktan sonra oyun kategorilerinden istedi\u011finizi se\u00e7erek oyuna kat\u0131labilirsiniz. Ayr\u0131ca bakiyenizi kontrol ederek do\u011fru stratejilerle ba\u015flaman\u0131z \u00f6nerilir.<\/p>\n\n<\/div>\n<\/li>\n<li id=\"faq-question-1770475324974\" class=\"rank-math-list-item\">\n<h3 class=\"rank-math-question \"><span class=\"ez-toc-section\" id=\"Gamdom_Uyelik_Islemleri_Tamamlanmadan_Giris_Yapilabilir_mi\"><\/span>Gamdom \u00dcyelik \u0130\u015flemleri Tamamlanmadan Giri\u015f Yap\u0131labilir mi ?<span class=\"ez-toc-section-end\"><\/span><\/h3>\n<div class=\"rank-math-answer \">\n\n<p>Hay\u0131r, Gamdom\u2019da giri\u015f yapabilmek i\u00e7in \u00f6nce bir hesap olu\u015fturman\u0131z gerekir. Kay\u0131t i\u015flemi tamamland\u0131ktan sonra e-posta do\u011frulamas\u0131 yaparak giri\u015f sa\u011flayabilirsiniz.<\/p>\n\n<\/div>\n<\/li>\n<\/ul>\n<\/div>","protected":false},"excerpt":{"rendered":"<p>Gamdom giri\u015f avrupa\u2019da uzun y\u0131llar hizmet verdikten sonra \u00fclkemizde de 2023 y\u0131l\u0131ndan beri, bahis severlere kaliteli ve profesyonel hizmet sunan, gamdom OGL\/2024\/424\/1065 lisans numaras\u0131yla ald\u0131\u011f\u0131 [&#8230;]<\/p>\n","protected":false},"author":1,"featured_media":0,"parent":0,"menu_order":0,"comment_status":"closed","ping_status":"closed","template":"templates\/template-sidebar-right.php","meta":{"footnotes":""},"class_list":["post-15","page","type-page","status-publish","hentry"],"amp_enabled":true,"_links":{"self":[{"href":"https:\/\/gamdomgiristr.com\/tr\/wp-json\/wp\/v2\/pages\/15","targetHints":{"allow":["GET"]}}],"collection":[{"href":"https:\/\/gamdomgiristr.com\/tr\/wp-json\/wp\/v2\/pages"}],"about":[{"href":"https:\/\/gamdomgiristr.com\/tr\/wp-json\/wp\/v2\/types\/page"}],"author":[{"embeddable":true,"href":"https:\/\/gamdomgiristr.com\/tr\/wp-json\/wp\/v2\/users\/1"}],"replies":[{"embeddable":true,"href":"https:\/\/gamdomgiristr.com\/tr\/wp-json\/wp\/v2\/comments?post=15"}],"version-history":[{"count":0,"href":"https:\/\/gamdomgiristr.com\/tr\/wp-json\/wp\/v2\/pages\/15\/revisions"}],"wp:attachment":[{"href":"https:\/\/gamdomgiristr.com\/tr\/wp-json\/wp\/v2\/media?parent=15"}],"curies":[{"name":"wp","href":"https:\/\/api.w.org\/{rel}","templated":true}]}}